{"id":12841,"date":"2020-12-02T11:48:17","date_gmt":"2020-12-02T11:48:17","guid":{"rendered":"https:\/\/nepomuk.it\/sommer\/"},"modified":"2022-07-15T14:36:55","modified_gmt":"2022-07-15T12:36:55","slug":"estate","status":"publish","type":"page","link":"https:\/\/nepomuk.it\/it\/estate\/","title":{"rendered":"Estate"},"content":{"rendered":"\t\t<div data-elementor-type=\"wp-page\" data-elementor-id=\"12841\" class=\"elementor elementor-12841 elementor-3759\">\n\t\t\t\t\t\t<section class=\"elementor-section elementor-top-section elementor-element elementor-element-269c446 elementor-section-full_width elementor-section-height-default elementor-section-height-default qodef-elementor-content-no\" data-id=\"269c446\" data-element_type=\"section\">\n\t\t\t\t\t\t<div class=\"elementor-container elementor-column-gap-default\">\n\t\t\t\t\t<div class=\"elementor-column elementor-col-100 elementor-top-column elementor-element elementor-element-429e7668\" data-id=\"429e7668\" data-element_type=\"column\">\n\t\t\t<div class=\"elementor-widget-wrap elementor-element-populated\">\n\t\t\t\t\t\t<div class=\"elementor-element elementor-element-2134725d elementor-widget elementor-widget-augustine_core_section_title\" data-id=\"2134725d\" data-element_type=\"widget\" data-widget_type=\"augustine_core_section_title.default\">\n\t\t\t\t<div class=\"elementor-widget-container\">\n\t\t\t\t\t<div class=\"qodef-shortcode qodef-m qodef-section-title qodef-alignment--left qodef-title-appear qodef-title-alt-appear\">\n\t\t\t<p class=\"qodef-m-subtitle\" >Cosa fare nella stagione calda?<\/p>\n\t\t<h1 class=\"qodef-m-title\" >\n\t\t\t\t\tAttivit\u00e0 estive\t\t\t<\/h1>\n\t\t<\/div>\t\t\t\t<\/div>\n\t\t\t\t<\/div>\n\t\t\t\t\t<\/div>\n\t\t<\/div>\n\t\t\t\t\t<\/div>\n\t\t<\/section>\n\t\t\t\t<section class=\"elementor-section elementor-top-section elementor-element elementor-element-625a3c3c elementor-section-full_width qodef-elementor-content-grid elementor-section-height-default elementor-section-height-default\" data-id=\"625a3c3c\" data-element_type=\"section\">\n\t\t\t\t\t\t<div class=\"elementor-container elementor-column-gap-default\">\n\t\t\t\t\t<div class=\"elementor-column elementor-col-100 elementor-top-column elementor-element elementor-element-67df91d6 elementor-hidden-tablet elementor-hidden-phone\" data-id=\"67df91d6\" data-element_type=\"column\">\n\t\t\t<div class=\"elementor-widget-wrap elementor-element-populated\">\n\t\t\t\t\t\t<div class=\"elementor-element elementor-element-88353b3 elementor-widget elementor-widget-text-editor\" data-id=\"88353b3\" data-element_type=\"widget\" data-widget_type=\"text-editor.default\">\n\t\t\t\t<div class=\"elementor-widget-container\">\n\t\t\t\t\t\t\t\t\t<p>Essendo una citt\u00e0 pi\u00f9 al nord dell&#8217;Italia, i nostri ospiti godono di temperature moderate anche in estate. Circondata da alte <strong>vette e valli<\/strong>, Vipiteno \u00e8 il punto di partenza ideale per <strong>escursioni, gite in mountain bike<\/strong> e tante altre esperienze outdoor. La sera potrete assaporare l&#8217;atmosfera affascinante del nostro centro storico con un buon bicchiere di vino e lasciarvi coccolare da delizie culinarie secondo tutte le regole dell&#8217;arte.<\/p>\t\t\t\t\t\t\t\t<\/div>\n\t\t\t\t<\/div>\n\t\t\t\t\t<\/div>\n\t\t<\/div>\n\t\t\t\t\t<\/div>\n\t\t<\/section>\n\t\t\t\t<section class=\"elementor-section elementor-top-section elementor-element elementor-element-a7a43ff qodef-elementor-content-grid elementor-section-boxed elementor-section-height-default elementor-section-height-default\" data-id=\"a7a43ff\" data-element_type=\"section\">\n\t\t\t\t\t\t<div class=\"elementor-container elementor-column-gap-default\">\n\t\t\t\t\t<div class=\"elementor-column elementor-col-50 elementor-top-column elementor-element elementor-element-e564ffb\" data-id=\"e564ffb\" data-element_type=\"column\">\n\t\t\t<div class=\"elementor-widget-wrap elementor-element-populated\">\n\t\t\t\t\t\t<div class=\"elementor-element elementor-element-b0e5457 elementor-widget elementor-widget-augustine_core_image_with_text\" data-id=\"b0e5457\" data-element_type=\"widget\" data-widget_type=\"augustine_core_image_with_text.default\">\n\t\t\t\t<div class=\"elementor-widget-container\">\n\t\t\t\t\t<div class=\"qodef-shortcode qodef-m qodef-image-with-text qodef-layout--text-below\">\n\t<div class=\"qodef-m-image\">\n                                            <img fetchpriority=\"high\" decoding=\"async\" width=\"800\" height=\"1114\" src=\"https:\/\/nepomuk.it\/wp-content\/uploads\/2022\/03\/rosskopf-sterzing.jpg\" class=\"attachment-full size-full\" alt=\"\" srcset=\"https:\/\/nepomuk.it\/wp-content\/uploads\/2022\/03\/rosskopf-sterzing.jpg 800w, https:\/\/nepomuk.it\/wp-content\/uploads\/2022\/03\/rosskopf-sterzing-215x300.jpg 215w, https:\/\/nepomuk.it\/wp-content\/uploads\/2022\/03\/rosskopf-sterzing-735x1024.jpg 735w, https:\/\/nepomuk.it\/wp-content\/uploads\/2022\/03\/rosskopf-sterzing-768x1069.jpg 768w\" sizes=\"(max-width: 800px) 100vw, 800px\" \/>\n                                            <\/div>\t<div class=\"qodef-m-content\">\n\t\t\t<div class=\"qodef-m-subtitle\" >\n        La montagna locale\t<\/div>\n\t\t\t<h4 class=\"qodef-m-title\" style=\"margin-top: 5px\">\n\t\t\t\t\tMontecavallo\t\t\t<\/h4>\n\t\t\t<p class=\"qodef-m-text\" >A pochi passi da casa nostra, la funivia vi porta sulla nostra montagna locale, il Montecavallo. Gli amanti della natura troveranno un grande paesaggio naturale a circa 2000 metri, accoglienti rifugi alpini, un parco giochi e un piccolo zoo per bambini, nonch\u00e9 una splendida vista panoramica. Sono disponibili numerosi sentieri escursionistici e tour in vetta, da facili a impegnativi.<\/p>\n\t<\/div>\n<\/div>\t\t\t\t<\/div>\n\t\t\t\t<\/div>\n\t\t\t\t\t<\/div>\n\t\t<\/div>\n\t\t\t\t<div class=\"elementor-column elementor-col-50 elementor-top-column elementor-element elementor-element-df2acdd\" data-id=\"df2acdd\" data-element_type=\"column\">\n\t\t\t<div class=\"elementor-widget-wrap elementor-element-populated\">\n\t\t\t\t\t\t<div class=\"elementor-element elementor-element-a9f0e4c elementor-widget elementor-widget-augustine_core_image_with_text\" data-id=\"a9f0e4c\" data-element_type=\"widget\" data-widget_type=\"augustine_core_image_with_text.default\">\n\t\t\t\t<div class=\"elementor-widget-container\">\n\t\t\t\t\t<div class=\"qodef-shortcode qodef-m qodef-image-with-text qodef-layout--text-below\">\n\t<div class=\"qodef-m-image\">\n                                            <img decoding=\"async\" width=\"800\" height=\"1114\" src=\"https:\/\/nepomuk.it\/wp-content\/uploads\/2022\/03\/wandern-sterzing-suedtirol.jpg\" class=\"attachment-full size-full\" alt=\"\" srcset=\"https:\/\/nepomuk.it\/wp-content\/uploads\/2022\/03\/wandern-sterzing-suedtirol.jpg 800w, https:\/\/nepomuk.it\/wp-content\/uploads\/2022\/03\/wandern-sterzing-suedtirol-215x300.jpg 215w, https:\/\/nepomuk.it\/wp-content\/uploads\/2022\/03\/wandern-sterzing-suedtirol-735x1024.jpg 735w, https:\/\/nepomuk.it\/wp-content\/uploads\/2022\/03\/wandern-sterzing-suedtirol-768x1069.jpg 768w\" sizes=\"(max-width: 800px) 100vw, 800px\" \/>\n                                            <\/div>\t<div class=\"qodef-m-content\">\n\t\t\t<div class=\"qodef-m-subtitle\" >\n        Proprio nel cuore delle Alpi\t<\/div>\n\t\t\t<h4 class=\"qodef-m-title\" style=\"margin-top: 5px\">\n\t\t\t\t\tEscursionismo\t\t\t<\/h4>\n\t\t\t<p class=\"qodef-m-text\" >Fare escursioni a Vipiteno e dintorni significa immergersi in un paesaggio naturale unico che riserva numerose esperienze. Un paradiso escursionistico nel cuore delle Alpi. Ruscelli di montagna impetuosi, cascate, rustici rifugi alpini e impressionanti esperienze in vetta attendono gli amanti della montagna. Che si tratti di impegnativi tour in alta montagna o rilassanti escursioni sulle malghe: difficilmente pu\u00f2 esserci un ambiente pi\u00f9 bello. Vale la pena fare una sosta in un rifugio alpino per rinfrescarsi, dove la tipica &quot;marenda&quot; altoatesina ha un sapore particolarmente buono.<\/p>\n\t<\/div>\n<\/div>\t\t\t\t<\/div>\n\t\t\t\t<\/div>\n\t\t\t\t\t<\/div>\n\t\t<\/div>\n\t\t\t\t\t<\/div>\n\t\t<\/section>\n\t\t\t\t<section class=\"elementor-section elementor-top-section elementor-element elementor-element-04ec5dc qodef-elementor-content-grid elementor-section-boxed elementor-section-height-default elementor-section-height-default\" data-id=\"04ec5dc\" data-element_type=\"section\">\n\t\t\t\t\t\t<div class=\"elementor-container elementor-column-gap-default\">\n\t\t\t\t\t<div class=\"elementor-column elementor-col-50 elementor-top-column elementor-element elementor-element-d05c514\" data-id=\"d05c514\" data-element_type=\"column\">\n\t\t\t<div class=\"elementor-widget-wrap elementor-element-populated\">\n\t\t\t\t\t\t<div class=\"elementor-element elementor-element-7d45995 elementor-widget elementor-widget-augustine_core_image_with_text\" data-id=\"7d45995\" data-element_type=\"widget\" data-widget_type=\"augustine_core_image_with_text.default\">\n\t\t\t\t<div class=\"elementor-widget-container\">\n\t\t\t\t\t<div class=\"qodef-shortcode qodef-m qodef-image-with-text qodef-layout--text-below\">\n\t<div class=\"qodef-m-image\">\n                                            <img decoding=\"async\" width=\"800\" height=\"1114\" src=\"https:\/\/nepomuk.it\/wp-content\/uploads\/2022\/03\/mountainbiken-sudtirol.jpg\" class=\"attachment-full size-full\" alt=\"\" srcset=\"https:\/\/nepomuk.it\/wp-content\/uploads\/2022\/03\/mountainbiken-sudtirol.jpg 800w, https:\/\/nepomuk.it\/wp-content\/uploads\/2022\/03\/mountainbiken-sudtirol-215x300.jpg 215w, https:\/\/nepomuk.it\/wp-content\/uploads\/2022\/03\/mountainbiken-sudtirol-735x1024.jpg 735w, https:\/\/nepomuk.it\/wp-content\/uploads\/2022\/03\/mountainbiken-sudtirol-768x1069.jpg 768w\" sizes=\"(max-width: 800px) 100vw, 800px\" \/>\n                                            <\/div>\t<div class=\"qodef-m-content\">\n\t\t\t<div class=\"qodef-m-subtitle\" >\n        Per principianti e avanzati\t<\/div>\n\t\t\t<h4 class=\"qodef-m-title\" style=\"margin-top: 5px\">\n\t\t\t\t\tMountainbike\t\t\t<\/h4>\n\t\t\t<p class=\"qodef-m-text\" >A Vipiteno e nei dintorni troverete percorsi in mountain bike di tutti i livelli di difficolt\u00e0, che conducono attraverso paesaggi naturali quasi incontaminati, tra boschi e prati fino ad alpeggi rustici. Puoi collezionare esperienze indimenticabili su discese, sentieri forestali e sterrati o stretti trails. Un tour in mountain bike promette impressioni uniche, aria fresca, meravigliosa tranquillit\u00e0 e, a seconda del percorso, sfide fisiche e discese piene di azione. Percorsi pi\u00f9 tranquilli nella valle rendono possibile anche il divertimento in bicicletta per i meno esperti e le famiglie con bambini.<\/p>\n\t<\/div>\n<\/div>\t\t\t\t<\/div>\n\t\t\t\t<\/div>\n\t\t\t\t\t<\/div>\n\t\t<\/div>\n\t\t\t\t<div class=\"elementor-column elementor-col-50 elementor-top-column elementor-element elementor-element-458321d\" data-id=\"458321d\" data-element_type=\"column\">\n\t\t\t<div class=\"elementor-widget-wrap elementor-element-populated\">\n\t\t\t\t\t\t<div class=\"elementor-element elementor-element-37a33c1 elementor-widget elementor-widget-augustine_core_image_with_text\" data-id=\"37a33c1\" data-element_type=\"widget\" data-widget_type=\"augustine_core_image_with_text.default\">\n\t\t\t\t<div class=\"elementor-widget-container\">\n\t\t\t\t\t<div class=\"qodef-shortcode qodef-m qodef-image-with-text qodef-layout--text-below\">\n\t<div class=\"qodef-m-image\">\n                                            <img loading=\"lazy\" decoding=\"async\" width=\"800\" height=\"1114\" src=\"https:\/\/nepomuk.it\/wp-content\/uploads\/2022\/03\/andere-aktivitaeten-rosskopf.jpg\" class=\"attachment-full size-full\" alt=\"\" srcset=\"https:\/\/nepomuk.it\/wp-content\/uploads\/2022\/03\/andere-aktivitaeten-rosskopf.jpg 800w, https:\/\/nepomuk.it\/wp-content\/uploads\/2022\/03\/andere-aktivitaeten-rosskopf-215x300.jpg 215w, https:\/\/nepomuk.it\/wp-content\/uploads\/2022\/03\/andere-aktivitaeten-rosskopf-735x1024.jpg 735w, https:\/\/nepomuk.it\/wp-content\/uploads\/2022\/03\/andere-aktivitaeten-rosskopf-768x1069.jpg 768w\" sizes=\"(max-width: 800px) 100vw, 800px\" \/>\n                                            <\/div>\t<div class=\"qodef-m-content\">\n\t\t\t<div class=\"qodef-m-subtitle\" >\n        Action per tutti\t<\/div>\n\t\t\t<h4 class=\"qodef-m-title\" style=\"margin-top: 5px\">\n\t\t\t\t\tEsperienze speciali\t\t\t<\/h4>\n\t\t\t<p class=\"qodef-m-text\" >Attraversa il furioso Eisack in un gommone, esplora la valle da una prospettiva a volo d&#039;uccello con un volo in parapendio in tandem, arrampicati tra le cime degli alberi ad altezze vertiginose nel parco di arrampicata Skytrek, osa una rapida discesa con i &quot;carts di montagna&quot;, vivi l&#039;alba una delle tante cime o con una guida alpina scalare una delle cime possenti - numerose esperienze aspettano a Vipiteno e dintorni. Qui hai l&#039;opportunit\u00e0 di raccogliere ricordi indimenticabili e vivere vere avventure.<\/p>\n\t<\/div>\n<\/div>\t\t\t\t<\/div>\n\t\t\t\t<\/div>\n\t\t\t\t\t<\/div>\n\t\t<\/div>\n\t\t\t\t\t<\/div>\n\t\t<\/section>\n\t\t\t\t<section class=\"elementor-section elementor-top-section elementor-element elementor-element-4a72093 elementor-section-boxed elementor-section-height-default elementor-section-height-default qodef-elementor-content-no\" data-id=\"4a72093\" data-element_type=\"section\">\n\t\t\t\t\t\t<div class=\"elementor-container elementor-column-gap-default\">\n\t\t\t\t\t<div class=\"elementor-column elementor-col-100 elementor-top-column elementor-element elementor-element-a0e0096\" data-id=\"a0e0096\" data-element_type=\"column\">\n\t\t\t<div class=\"elementor-widget-wrap elementor-element-populated\">\n\t\t\t\t\t\t<div class=\"elementor-element elementor-element-fb4f228 elementor-widget elementor-widget-spacer\" data-id=\"fb4f228\" data-element_type=\"widget\" data-widget_type=\"spacer.default\">\n\t\t\t\t<div class=\"elementor-widget-container\">\n\t\t\t\t\t\t\t<div class=\"elementor-spacer\">\n\t\t\t<div class=\"elementor-spacer-inner\"><\/div>\n\t\t<\/div>\n\t\t\t\t\t\t<\/div>\n\t\t\t\t<\/div>\n\t\t\t\t\t<\/div>\n\t\t<\/div>\n\t\t\t\t\t<\/div>\n\t\t<\/section>\n\t\t\t\t<\/div>\n\t\t","protected":false},"excerpt":{"rendered":"<p>Cosa fare nella stagione calda? Attivit\u00e0 estive Essendo una citt\u00e0 pi\u00f9 al nord dell&#8217;Italia, i nostri ospiti godono di temperature moderate anche in estate. Circondata da alte vette e valli, Vipiteno \u00e8 il punto di partenza ideale per escursioni, gite in mountain bike e tante altre esperienze outdoor. La sera potrete assaporare l&#8217;atmosfera affascinante del [&hellip;]<\/p>\n","protected":false},"author":1,"featured_media":0,"parent":0,"menu_order":0,"comment_status":"closed","ping_status":"closed","template":"page-full-width.php","meta":{"footnotes":""},"class_list":["post-12841","page","type-page","status-publish","hentry"],"yoast_head":"<!-- This site is optimized with the Yoast SEO plugin v25.7 - https:\/\/yoast.com\/wordpress\/plugins\/seo\/ -->\n<title>Estate | NEPOMUK Ristorante | Pizzeria | Bed &amp; Breakfast Vipiteno<\/title>\n<meta name=\"robots\" content=\"index, follow, max-snippet:-1, max-image-preview:large, max-video-preview:-1\" \/>\n<link rel=\"canonical\" href=\"https:\/\/nepomuk.it\/it\/estate\/\" \/>\n<meta property=\"og:locale\" content=\"it_IT\" \/>\n<meta property=\"og:type\" content=\"article\" \/>\n<meta property=\"og:title\" content=\"Estate | NEPOMUK Ristorante | Pizzeria | Bed &amp; Breakfast Vipiteno\" \/>\n<meta property=\"og:description\" content=\"Cosa fare nella stagione calda? Attivit\u00e0 estive Essendo una citt\u00e0 pi\u00f9 al nord dell&#8217;Italia, i nostri ospiti godono di temperature moderate anche in estate. Circondata da alte vette e valli, Vipiteno \u00e8 il punto di partenza ideale per escursioni, gite in mountain bike e tante altre esperienze outdoor. La sera potrete assaporare l&#8217;atmosfera affascinante del [&hellip;]\" \/>\n<meta property=\"og:url\" content=\"https:\/\/nepomuk.it\/it\/estate\/\" \/>\n<meta property=\"og:site_name\" content=\"NEPOMUK Ristorante | Pizzeria | Bed &amp; Breakfast Vipiteno\" \/>\n<meta property=\"article:publisher\" content=\"https:\/\/www.facebook.com\/RestaurantPizzeriaRoomsNepomuk\" \/>\n<meta property=\"article:modified_time\" content=\"2022-07-15T12:36:55+00:00\" \/>\n<meta property=\"og:image\" content=\"https:\/\/nepomuk.it\/wp-content\/uploads\/2022\/03\/rosskopf-sterzing.jpg\" \/>\n<meta name=\"twitter:card\" content=\"summary_large_image\" \/>\n<meta name=\"twitter:label1\" content=\"Tempo di lettura stimato\" \/>\n\t<meta name=\"twitter:data1\" content=\"2 minuti\" \/>\n<script type=\"application\/ld+json\" class=\"yoast-schema-graph\">{\"@context\":\"https:\/\/schema.org\",\"@graph\":[{\"@type\":\"WebPage\",\"@id\":\"https:\/\/nepomuk.it\/it\/estate\/\",\"url\":\"https:\/\/nepomuk.it\/it\/estate\/\",\"name\":\"Estate | NEPOMUK Ristorante | Pizzeria | Bed &amp; Breakfast Vipiteno\",\"isPartOf\":{\"@id\":\"https:\/\/nepomuk.it\/it\/#website\"},\"primaryImageOfPage\":{\"@id\":\"https:\/\/nepomuk.it\/it\/estate\/#primaryimage\"},\"image\":{\"@id\":\"https:\/\/nepomuk.it\/it\/estate\/#primaryimage\"},\"thumbnailUrl\":\"https:\/\/nepomuk.it\/wp-content\/uploads\/2022\/03\/rosskopf-sterzing.jpg\",\"datePublished\":\"2020-12-02T11:48:17+00:00\",\"dateModified\":\"2022-07-15T12:36:55+00:00\",\"breadcrumb\":{\"@id\":\"https:\/\/nepomuk.it\/it\/estate\/#breadcrumb\"},\"inLanguage\":\"it-IT\",\"potentialAction\":[{\"@type\":\"ReadAction\",\"target\":[\"https:\/\/nepomuk.it\/it\/estate\/\"]}]},{\"@type\":\"ImageObject\",\"inLanguage\":\"it-IT\",\"@id\":\"https:\/\/nepomuk.it\/it\/estate\/#primaryimage\",\"url\":\"https:\/\/nepomuk.it\/wp-content\/uploads\/2022\/03\/rosskopf-sterzing.jpg\",\"contentUrl\":\"https:\/\/nepomuk.it\/wp-content\/uploads\/2022\/03\/rosskopf-sterzing.jpg\"},{\"@type\":\"BreadcrumbList\",\"@id\":\"https:\/\/nepomuk.it\/it\/estate\/#breadcrumb\",\"itemListElement\":[{\"@type\":\"ListItem\",\"position\":1,\"name\":\"Startseite\",\"item\":\"https:\/\/nepomuk.it\/it\/\"},{\"@type\":\"ListItem\",\"position\":2,\"name\":\"Estate\"}]},{\"@type\":\"WebSite\",\"@id\":\"https:\/\/nepomuk.it\/it\/#website\",\"url\":\"https:\/\/nepomuk.it\/it\/\",\"name\":\"NEPOMUK Ristorante | Pizzeria | Bed &amp; Breakfast Vipiteno\",\"description\":\"Hotel Ristorante Pizzeria Alto Adige\",\"publisher\":{\"@id\":\"https:\/\/nepomuk.it\/it\/#organization\"},\"potentialAction\":[{\"@type\":\"SearchAction\",\"target\":{\"@type\":\"EntryPoint\",\"urlTemplate\":\"https:\/\/nepomuk.it\/it\/?s={search_term_string}\"},\"query-input\":{\"@type\":\"PropertyValueSpecification\",\"valueRequired\":true,\"valueName\":\"search_term_string\"}}],\"inLanguage\":\"it-IT\"},{\"@type\":\"Organization\",\"@id\":\"https:\/\/nepomuk.it\/it\/#organization\",\"name\":\"NEPOMUK GmbH\",\"url\":\"https:\/\/nepomuk.it\/it\/\",\"logo\":{\"@type\":\"ImageObject\",\"inLanguage\":\"it-IT\",\"@id\":\"https:\/\/nepomuk.it\/it\/#\/schema\/logo\/image\/\",\"url\":\"https:\/\/nepomuk.it\/wp-content\/uploads\/2021\/12\/nepomuk-logo.png\",\"contentUrl\":\"https:\/\/nepomuk.it\/wp-content\/uploads\/2021\/12\/nepomuk-logo.png\",\"width\":385,\"height\":600,\"caption\":\"NEPOMUK GmbH\"},\"image\":{\"@id\":\"https:\/\/nepomuk.it\/it\/#\/schema\/logo\/image\/\"},\"sameAs\":[\"https:\/\/www.facebook.com\/RestaurantPizzeriaRoomsNepomuk\",\"https:\/\/www.instagram.com\/nepomuk_sterzing\"]}]}<\/script>\n<!-- \/ Yoast SEO plugin. -->","yoast_head_json":{"title":"Estate | NEPOMUK Ristorante | Pizzeria | Bed &amp; Breakfast Vipiteno","robots":{"index":"index","follow":"follow","max-snippet":"max-snippet:-1","max-image-preview":"max-image-preview:large","max-video-preview":"max-video-preview:-1"},"canonical":"https:\/\/nepomuk.it\/it\/estate\/","og_locale":"it_IT","og_type":"article","og_title":"Estate | NEPOMUK Ristorante | Pizzeria | Bed &amp; Breakfast Vipiteno","og_description":"Cosa fare nella stagione calda? Attivit\u00e0 estive Essendo una citt\u00e0 pi\u00f9 al nord dell&#8217;Italia, i nostri ospiti godono di temperature moderate anche in estate. Circondata da alte vette e valli, Vipiteno \u00e8 il punto di partenza ideale per escursioni, gite in mountain bike e tante altre esperienze outdoor. La sera potrete assaporare l&#8217;atmosfera affascinante del [&hellip;]","og_url":"https:\/\/nepomuk.it\/it\/estate\/","og_site_name":"NEPOMUK Ristorante | Pizzeria | Bed &amp; Breakfast Vipiteno","article_publisher":"https:\/\/www.facebook.com\/RestaurantPizzeriaRoomsNepomuk","article_modified_time":"2022-07-15T12:36:55+00:00","og_image":[{"url":"https:\/\/nepomuk.it\/wp-content\/uploads\/2022\/03\/rosskopf-sterzing.jpg","type":"","width":"","height":""}],"twitter_card":"summary_large_image","twitter_misc":{"Tempo di lettura stimato":"2 minuti"},"schema":{"@context":"https:\/\/schema.org","@graph":[{"@type":"WebPage","@id":"https:\/\/nepomuk.it\/it\/estate\/","url":"https:\/\/nepomuk.it\/it\/estate\/","name":"Estate | NEPOMUK Ristorante | Pizzeria | Bed &amp; Breakfast Vipiteno","isPartOf":{"@id":"https:\/\/nepomuk.it\/it\/#website"},"primaryImageOfPage":{"@id":"https:\/\/nepomuk.it\/it\/estate\/#primaryimage"},"image":{"@id":"https:\/\/nepomuk.it\/it\/estate\/#primaryimage"},"thumbnailUrl":"https:\/\/nepomuk.it\/wp-content\/uploads\/2022\/03\/rosskopf-sterzing.jpg","datePublished":"2020-12-02T11:48:17+00:00","dateModified":"2022-07-15T12:36:55+00:00","breadcrumb":{"@id":"https:\/\/nepomuk.it\/it\/estate\/#breadcrumb"},"inLanguage":"it-IT","potentialAction":[{"@type":"ReadAction","target":["https:\/\/nepomuk.it\/it\/estate\/"]}]},{"@type":"ImageObject","inLanguage":"it-IT","@id":"https:\/\/nepomuk.it\/it\/estate\/#primaryimage","url":"https:\/\/nepomuk.it\/wp-content\/uploads\/2022\/03\/rosskopf-sterzing.jpg","contentUrl":"https:\/\/nepomuk.it\/wp-content\/uploads\/2022\/03\/rosskopf-sterzing.jpg"},{"@type":"BreadcrumbList","@id":"https:\/\/nepomuk.it\/it\/estate\/#breadcrumb","itemListElement":[{"@type":"ListItem","position":1,"name":"Startseite","item":"https:\/\/nepomuk.it\/it\/"},{"@type":"ListItem","position":2,"name":"Estate"}]},{"@type":"WebSite","@id":"https:\/\/nepomuk.it\/it\/#website","url":"https:\/\/nepomuk.it\/it\/","name":"NEPOMUK Ristorante | Pizzeria | Bed &amp; Breakfast Vipiteno","description":"Hotel Ristorante Pizzeria Alto Adige","publisher":{"@id":"https:\/\/nepomuk.it\/it\/#organization"},"potentialAction":[{"@type":"SearchAction","target":{"@type":"EntryPoint","urlTemplate":"https:\/\/nepomuk.it\/it\/?s={search_term_string}"},"query-input":{"@type":"PropertyValueSpecification","valueRequired":true,"valueName":"search_term_string"}}],"inLanguage":"it-IT"},{"@type":"Organization","@id":"https:\/\/nepomuk.it\/it\/#organization","name":"NEPOMUK GmbH","url":"https:\/\/nepomuk.it\/it\/","logo":{"@type":"ImageObject","inLanguage":"it-IT","@id":"https:\/\/nepomuk.it\/it\/#\/schema\/logo\/image\/","url":"https:\/\/nepomuk.it\/wp-content\/uploads\/2021\/12\/nepomuk-logo.png","contentUrl":"https:\/\/nepomuk.it\/wp-content\/uploads\/2021\/12\/nepomuk-logo.png","width":385,"height":600,"caption":"NEPOMUK GmbH"},"image":{"@id":"https:\/\/nepomuk.it\/it\/#\/schema\/logo\/image\/"},"sameAs":["https:\/\/www.facebook.com\/RestaurantPizzeriaRoomsNepomuk","https:\/\/www.instagram.com\/nepomuk_sterzing"]}]}},"_links":{"self":[{"href":"https:\/\/nepomuk.it\/it\/wp-json\/wp\/v2\/pages\/12841","targetHints":{"allow":["GET"]}}],"collection":[{"href":"https:\/\/nepomuk.it\/it\/wp-json\/wp\/v2\/pages"}],"about":[{"href":"https:\/\/nepomuk.it\/it\/wp-json\/wp\/v2\/types\/page"}],"author":[{"embeddable":true,"href":"https:\/\/nepomuk.it\/it\/wp-json\/wp\/v2\/users\/1"}],"replies":[{"embeddable":true,"href":"https:\/\/nepomuk.it\/it\/wp-json\/wp\/v2\/comments?post=12841"}],"version-history":[{"count":8,"href":"https:\/\/nepomuk.it\/it\/wp-json\/wp\/v2\/pages\/12841\/revisions"}],"predecessor-version":[{"id":13893,"href":"https:\/\/nepomuk.it\/it\/wp-json\/wp\/v2\/pages\/12841\/revisions\/13893"}],"wp:attachment":[{"href":"https:\/\/nepomuk.it\/it\/wp-json\/wp\/v2\/media?parent=12841"}],"curies":[{"name":"wp","href":"https:\/\/api.w.org\/{rel}","templated":true}]}}